{"id":878,"date":"2024-09-13T13:48:46","date_gmt":"2024-09-13T13:48:46","guid":{"rendered":"https:\/\/www.islandweddings-dr.com\/privacy-policy\/"},"modified":"2024-10-27T22:53:13","modified_gmt":"2024-10-27T22:53:13","slug":"privacy-policy","status":"publish","type":"page","link":"https:\/\/www.islandweddings-dr.com\/de\/privacy-policy\/","title":{"rendered":"Privacy Policy"},"content":{"rendered":"<p>[et_pb_section fb_built=&#8220;1&#8243; _builder_version=&#8220;4.16&#8243; global_colors_info=&#8220;{}&#8220;][et_pb_row _builder_version=&#8220;4.16&#8243; background_size=&#8220;initial&#8220; background_position=&#8220;top_left&#8220; background_repeat=&#8220;repeat&#8220; global_colors_info=&#8220;{}&#8220;][et_pb_column type=&#8220;4_4&#8243; _builder_version=&#8220;4.16&#8243; custom_padding=&#8220;|||&#8220; global_colors_info=&#8220;{}&#8220; custom_padding__hover=&#8220;|||&#8220;][et_pb_text _builder_version=&#8220;4.27.0&#8243; background_size=&#8220;initial&#8220; background_position=&#8220;top_left&#8220; background_repeat=&#8220;repeat&#8220; hover_enabled=&#8220;0&#8243; global_colors_info=&#8220;{}&#8220; sticky_enabled=&#8220;0&#8243;]<\/p>\n<h2><!-- divi:heading -->Datenschutzrichtlinie f\u00fcr Island Weddings Dominican Republic<\/h2>\n<p>&nbsp;<\/p>\n<p>&nbsp;<\/p>\n<p>Zuletzt aktualisiert: 14 Oktober 2024_<\/p>\n<p>&nbsp;<\/p>\n<p>Island Weddings Dominikanische Republik (&#8222;wir&#8220;, &#8222;uns&#8220; oder &#8222;unser&#8220;) verpflichtet sich, Ihre Privatsph\u00e4re zu sch\u00fctzen. In dieser Datenschutzerkl\u00e4rung wird erl\u00e4utert, wie wir Ihre pers\u00f6nlichen Daten sammeln, verwenden und sch\u00fctzen, wenn Sie unsere Website besuchen, uns kontaktieren oder unsere Dienstleistungen nutzen. <\/p>\n<p>&nbsp;<\/p>\n<ol>\n<li><strong> Wer wir sind<\/strong><\/li>\n<\/ol>\n<p>Island Weddings Dominican Republic betreibt die Website [https:\/\/www .islandweddings-dr.com](https:\/\/www.islandweddings-dr.com). Wir helfen unseren Kunden bei der Planung von Hochzeiten in der Dominikanischen Republik.<\/p>\n<p>&nbsp;<\/p>\n<ol start=\"2\">\n<li><strong> Informationen, die wir sammeln<\/strong><\/li>\n<\/ol>\n<p>Wir sammeln pers\u00f6nliche Daten, wenn Sie mit uns interagieren, einschlie\u00dflich:<\/p>\n<p>&nbsp;<\/p>\n<p>&#8211; Pers\u00f6nliche Informationen: Wie z.B. Ihr Name, Ihre E-Mail-Adresse, Ihre Telefonnummer und alle anderen Angaben, die Sie bei Anfragen zu Dienstleistungen oder bei der Buchung einer Beratung machen.<\/p>\n<p>&#8211; Kommentare: Wenn Sie Kommentare hinterlassen, erfassen wir die in das Kommentarformular eingegebenen Informationen, die IP-Adresse und den Browser-Benutzer-Agenten zur Spam-Erkennung. Eine anonymisierte Zeichenfolge Ihrer E-Mail kann mit Gravatar verwendet werden. Die Datenschutzbestimmungen von Gravatar finden Sie unter [here](https:\/\/automattic.com\/privacy\/).  <\/p>\n<p>&#8211; Nutzungsdaten: Informationen dar\u00fcber, wie Sie unsere Website nutzen, wie z.B. IP-Adresse, Browsertyp, aufgerufene Seiten und verbrachte Zeit.<\/p>\n<p>&#8211; Medien: Wenn Sie Bilder hochladen, vermeiden Sie es, eingebettete Standortdaten (EXIF-GPS) aufzunehmen. Besucher unserer Website k\u00f6nnen Standortdaten herunterladen und extrahieren. <\/p>\n<p>&#8211; Cookies: Wir verwenden Cookies f\u00fcr ein besseres Erlebnis. Sie k\u00f6nnen Ihre Einstellungen \u00fcber unser Zustimmungsbanner verwalten. <\/p>\n<p>&nbsp;<\/p>\n<ol start=\"3\">\n<li><strong> Wie wir Ihre Informationen verwenden<\/strong><\/li>\n<\/ol>\n<p>Ihre Daten werden verwendet, um:<\/p>\n<p>&nbsp;<\/p>\n<p>&#8211; Bereitstellung und Verbesserung unserer Dienste.<\/p>\n<p>&#8211; Beantworten Ihrer Anfragen und Kommunikation \u00fcber unsere Dienstleistungen.<\/p>\n<p>&#8211; Zusendung von Werbemitteilungen \u00fcber spezielle Angebote oder Dienstleistungen, die Sie interessieren k\u00f6nnten.<\/p>\n<p>&#8211; Erf\u00fcllen gesetzlicher Verpflichtungen.<\/p>\n<p>&nbsp;<\/p>\n<ol start=\"4\">\n<li><strong> Eingebettete Inhalte von anderen Websites<\/strong><\/li>\n<\/ol>\n<p>Die Inhalte auf unserer Website k\u00f6nnen eingebettete Elemente (z.B. Videos, Bilder, Artikel) enthalten, die sich so verhalten, als ob Sie die urspr\u00fcngliche Website besuchen w\u00fcrden. Diese externen Websites k\u00f6nnen Daten sammeln, Cookies verwenden oder Ihre Interaktion verfolgen. <\/p>\n<p>&nbsp;<\/p>\n<ol start=\"5\">\n<li><strong> Mit wem wir Ihre Daten teilen<\/strong><\/li>\n<\/ol>\n<p>&#8211; Dienstanbieter: Vertrauensw\u00fcrdige Dritte, die bei der Bereitstellung von Dienstleistungen helfen.<\/p>\n<p>&#8211; Gesetzliche Verpflichtungen: Um gesetzliche Anforderungen zu erf\u00fcllen oder unsere Rechte zu sch\u00fctzen.<\/p>\n<p>&#8211; Passwort zur\u00fccksetzen: Falls gew\u00fcnscht, kann Ihre IP-Adresse in der E-Mail zum Zur\u00fccksetzen enthalten sein.<\/p>\n<p>&#8211; Mit Ihrem Einverst\u00e4ndnis: Informationen k\u00f6nnen auf der Grundlage Ihrer ausdr\u00fccklichen Zustimmung weitergegeben werden.<\/p>\n<p>&nbsp;<\/p>\n<ol start=\"6\">\n<li><strong> Aufbewahrung von Daten<\/strong><\/li>\n<\/ol>\n<p>&#8211; Kommentare: Auf unbestimmte Zeit zur Moderation und Nachbereitung zur\u00fcckgehalten.<\/p>\n<p>&#8211; Benutzerkonten: Wenn Sie registriert sind, werden die Daten in Ihrem Benutzerprofil gespeichert. Sie k\u00f6nnen auf pers\u00f6nliche Daten zugreifen, sie bearbeiten oder l\u00f6schen (au\u00dfer Benutzernamen). <\/p>\n<p>&nbsp;<\/p>\n<ol start=\"7\">\n<li><strong> Ihre Rechte<\/strong><\/li>\n<\/ol>\n<p>Sie haben das Recht dazu:<\/p>\n<p>&nbsp;<\/p>\n<p>&#8211; Zugang: Fordern Sie Details zu Ihren pers\u00f6nlichen Daten an.<\/p>\n<p>&#8211; Berichtigung oder L\u00f6schung: Beantragen Sie die Berichtigung ungenauer Daten oder die L\u00f6schung Ihrer Daten.<\/p>\n<p>&#8211; Datenexport: Erhalten Sie eine Kopie Ihrer pers\u00f6nlichen Daten.<\/p>\n<p>&#8211; Entzug der Zustimmung: Zustimmung zur Datenverarbeitung widerrufen.<\/p>\n<p>&#8211; Daten\u00fcbertragbarkeit: Fordern Sie Ihre Daten in einem strukturierten Format an.<\/p>\n<p>&nbsp;<\/p>\n<ol start=\"8\">\n<li><strong> Einhaltung von GDPR und CCPA<\/strong><\/li>\n<\/ol>\n<p>&#8211; Daten\u00fcbertragungen: Personenbezogene Daten k\u00f6nnen in L\u00e4nder au\u00dferhalb der EU \u00fcbertragen werden. Wir verwenden Sicherheitsvorkehrungen, um den Datenschutz zu gew\u00e4hrleisten, einschlie\u00dflich Standardvertragsklauseln. <\/p>\n<p>&#8211; Rechte der Betroffenen (EU und Kalifornien): Sie haben das Recht, Ihre pers\u00f6nlichen Daten einzusehen, zu korrigieren, zu l\u00f6schen und zu \u00fcbertragen. In der EU ans\u00e4ssige Personen k\u00f6nnen sich an Aufsichtsbeh\u00f6rden wenden, wenn sie glauben, dass Daten falsch verwaltet werden. <\/p>\n<p>&#8211; Rechtsgrundlage f\u00fcr die Verarbeitung:<\/p>\n<p>&#8211; Einverst\u00e4ndnis: F\u00fcr Marketingkommunikation.<\/p>\n<p>&#8211; Vertrag: Bei der Erf\u00fcllung von Serviceanfragen.<\/p>\n<p>&#8211; Berechtigte Interessen: F\u00fcr Website-Analysen und Spamschutz.<\/p>\n<p>&nbsp;<\/p>\n<ol start=\"9\">\n<li><strong> Sicherheit Ihrer Informationen<\/strong><\/li>\n<\/ol>\n<p>Wir ergreifen angemessene Sicherheitsma\u00dfnahmen, um Ihre Daten zu sch\u00fctzen. Allerdings ist keine Internet-\u00dcbertragung vollkommen sicher. <\/p>\n<p>&nbsp;<\/p>\n<ol start=\"10\">\n<li><strong> Wohin Ihre Daten gesendet werden<\/strong><\/li>\n<\/ol>\n<p>Besucherkommentare k\u00f6nnen durch automatische Spam-Erkennungsdienste \u00fcberpr\u00fcft werden.<\/p>\n<p>&nbsp;<\/p>\n<ol start=\"11\">\n<li><strong> Zustimmungsmanagement und Cookie-Richtlinie<\/strong><\/li>\n<\/ol>\n<p>Ein Zustimmungsbanner wird f\u00fcr Cookies und Tracking verwendet. Sie k\u00f6nnen die Einstellungen direkt auf unserer Website verwalten. <\/p>\n<p>&nbsp;<\/p>\n<ol start=\"12\">\n<li><strong> \u00c4nderungen an dieser Datenschutzrichtlinie<\/strong><\/li>\n<\/ol>\n<p>Wir k\u00f6nnen diese Richtlinie von Zeit zu Zeit aktualisieren. Alle \u00c4nderungen werden auf unserer Website mit einem aktualisierten Datum ver\u00f6ffentlicht. <\/p>\n<p>&nbsp;<\/p>\n<ol start=\"13\">\n<li><strong> Datenschutzbeauftragter (falls zutreffend)<\/strong><\/li>\n<\/ol>\n<p><a href=\"mailto:info@islandweddings-dr.com\">info@islandweddings-dr.com<\/a><\/p>\n<p>&nbsp;<\/p>\n<ol start=\"14\">\n<li><strong> Geltendes Recht und Gerichtsstand<\/strong><\/li>\n<\/ol>\n<p>Diese Datenschutzrichtlinie unterliegt den Gesetzen der Dominikanischen Republik. Alle Rechtsstreitigkeiten unterliegen der Gerichtsbarkeit der Gerichte der Dominikanischen Republik. <\/p>\n<p>&nbsp;<\/p>\n<ol start=\"15\">\n<li><strong> Kontaktieren Sie uns<\/strong><\/li>\n<\/ol>\n<p>Bei Fragen oder Bedenken im Zusammenhang mit GDPR kontaktieren Sie uns unter info@islandweddings-dr.com.<\/p>\n<p>&nbsp;<\/p>\n<p>&nbsp;<\/p>\n<p>&nbsp;<\/p>\n<p><!-- \/divi:paragraph --><\/p>\n<p>[\/et_pb_text][\/et_pb_column][\/et_pb_row][\/et_pb_section]<\/p>\n","protected":false},"excerpt":{"rendered":"<p>Datenschutzrichtlinie f\u00fcr Island Weddings Dominican Republic &nbsp; &nbsp; Zuletzt aktualisiert: 14 Oktober 2024_ &nbsp; Island Weddings Dominikanische Republik (&#8222;wir&#8220;, &#8222;uns&#8220; oder &#8222;unser&#8220;) verpflichtet sich, Ihre Privatsph\u00e4re zu sch\u00fctzen. In dieser Datenschutzerkl\u00e4rung wird erl\u00e4utert, wie wir Ihre pers\u00f6nlichen Daten sammeln, verwenden und sch\u00fctzen, wenn Sie unsere Website besuchen, uns kontaktieren oder unsere Dienstleistungen nutzen. &nbsp; Wer [&hellip;]<\/p>\n","protected":false},"author":1,"featured_media":0,"parent":0,"menu_order":0,"comment_status":"closed","ping_status":"closed","template":"","meta":{"_et_pb_use_builder":"on","_et_pb_old_content":"","_et_gb_content_width":"","footnotes":""},"class_list":["post-878","page","type-page","status-publish","hentry"],"yoast_head":"<!-- This site is optimized with the Yoast SEO plugin v27.0 - https:\/\/yoast.com\/product\/yoast-seo-wordpress\/ -->\n<title>Privacy Policy - Island Weddings Dominican Republic<\/title>\n<meta name=\"robots\" content=\"index, follow, max-snippet:-1, max-image-preview:large, max-video-preview:-1\" \/>\n<link rel=\"canonical\" href=\"https:\/\/www.islandweddings-dr.com\/de\/privacy-policy\/\" \/>\n<meta property=\"og:locale\" content=\"de_DE\" \/>\n<meta property=\"og:type\" content=\"article\" \/>\n<meta property=\"og:title\" content=\"Privacy Policy - Island Weddings Dominican Republic\" \/>\n<meta property=\"og:description\" content=\"Datenschutzrichtlinie f\u00fcr Island Weddings Dominican Republic &nbsp; &nbsp; Zuletzt aktualisiert: 14 Oktober 2024_ &nbsp; Island Weddings Dominikanische Republik (&quot;wir&quot;, &quot;uns&quot; oder &quot;unser&quot;) verpflichtet sich, Ihre Privatsph\u00e4re zu sch\u00fctzen. In dieser Datenschutzerkl\u00e4rung wird erl\u00e4utert, wie wir Ihre pers\u00f6nlichen Daten sammeln, verwenden und sch\u00fctzen, wenn Sie unsere Website besuchen, uns kontaktieren oder unsere Dienstleistungen nutzen. &nbsp; Wer [&hellip;]\" \/>\n<meta property=\"og:url\" content=\"https:\/\/www.islandweddings-dr.com\/de\/privacy-policy\/\" \/>\n<meta property=\"og:site_name\" content=\"Island Weddings Dominican Republic\" \/>\n<meta property=\"article:modified_time\" content=\"2024-10-27T22:53:13+00:00\" \/>\n<meta name=\"twitter:card\" content=\"summary_large_image\" \/>\n<meta name=\"twitter:label1\" content=\"Gesch\u00e4tzte Lesezeit\" \/>\n\t<meta name=\"twitter:data1\" content=\"4\u00a0Minuten\" \/>\n<script type=\"application\/ld+json\" class=\"yoast-schema-graph\">{\"@context\":\"https:\/\/schema.org\",\"@graph\":[{\"@type\":\"WebPage\",\"@id\":\"https:\/\/www.islandweddings-dr.com\/de\/privacy-policy\/\",\"url\":\"https:\/\/www.islandweddings-dr.com\/de\/privacy-policy\/\",\"name\":\"Privacy Policy - Island Weddings Dominican Republic\",\"isPartOf\":{\"@id\":\"https:\/\/www.islandweddings-dr.com\/de\/#website\"},\"datePublished\":\"2024-09-13T13:48:46+00:00\",\"dateModified\":\"2024-10-27T22:53:13+00:00\",\"breadcrumb\":{\"@id\":\"https:\/\/www.islandweddings-dr.com\/de\/privacy-policy\/#breadcrumb\"},\"inLanguage\":\"de\",\"potentialAction\":[{\"@type\":\"ReadAction\",\"target\":[\"https:\/\/www.islandweddings-dr.com\/de\/privacy-policy\/\"]}]},{\"@type\":\"BreadcrumbList\",\"@id\":\"https:\/\/www.islandweddings-dr.com\/de\/privacy-policy\/#breadcrumb\",\"itemListElement\":[{\"@type\":\"ListItem\",\"position\":1,\"name\":\"Home\",\"item\":\"https:\/\/www.islandweddings-dr.com\/de\/home\/\"},{\"@type\":\"ListItem\",\"position\":2,\"name\":\"Privacy Policy\"}]},{\"@type\":\"WebSite\",\"@id\":\"https:\/\/www.islandweddings-dr.com\/de\/#website\",\"url\":\"https:\/\/www.islandweddings-dr.com\/de\/\",\"name\":\"Island Weddings Dominican Republic\",\"description\":\"Destination Weddings in the Dominican Republic\",\"publisher\":{\"@id\":\"https:\/\/www.islandweddings-dr.com\/de\/#organization\"},\"potentialAction\":[{\"@type\":\"SearchAction\",\"target\":{\"@type\":\"EntryPoint\",\"urlTemplate\":\"https:\/\/www.islandweddings-dr.com\/de\/?s={search_term_string}\"},\"query-input\":{\"@type\":\"PropertyValueSpecification\",\"valueRequired\":true,\"valueName\":\"search_term_string\"}}],\"inLanguage\":\"de\"},{\"@type\":\"Organization\",\"@id\":\"https:\/\/www.islandweddings-dr.com\/de\/#organization\",\"name\":\"Island Weddings Dominican Republic\",\"url\":\"https:\/\/www.islandweddings-dr.com\/de\/\",\"logo\":{\"@type\":\"ImageObject\",\"inLanguage\":\"de\",\"@id\":\"https:\/\/www.islandweddings-dr.com\/de\/#\/schema\/logo\/image\/\",\"url\":\"https:\/\/www.islandweddings-dr.com\/wp-content\/uploads\/2024\/09\/transparent.png\",\"contentUrl\":\"https:\/\/www.islandweddings-dr.com\/wp-content\/uploads\/2024\/09\/transparent.png\",\"width\":500,\"height\":500,\"caption\":\"Island Weddings Dominican Republic\"},\"image\":{\"@id\":\"https:\/\/www.islandweddings-dr.com\/de\/#\/schema\/logo\/image\/\"},\"sameAs\":[\"https:\/\/instagram.com\/islandweddings-dr\"]}]}<\/script>\n<!-- \/ Yoast SEO plugin. -->","yoast_head_json":{"title":"Privacy Policy - Island Weddings Dominican Republic","robots":{"index":"index","follow":"follow","max-snippet":"max-snippet:-1","max-image-preview":"max-image-preview:large","max-video-preview":"max-video-preview:-1"},"canonical":"https:\/\/www.islandweddings-dr.com\/de\/privacy-policy\/","og_locale":"de_DE","og_type":"article","og_title":"Privacy Policy - Island Weddings Dominican Republic","og_description":"Datenschutzrichtlinie f\u00fcr Island Weddings Dominican Republic &nbsp; &nbsp; Zuletzt aktualisiert: 14 Oktober 2024_ &nbsp; Island Weddings Dominikanische Republik (\"wir\", \"uns\" oder \"unser\") verpflichtet sich, Ihre Privatsph\u00e4re zu sch\u00fctzen. In dieser Datenschutzerkl\u00e4rung wird erl\u00e4utert, wie wir Ihre pers\u00f6nlichen Daten sammeln, verwenden und sch\u00fctzen, wenn Sie unsere Website besuchen, uns kontaktieren oder unsere Dienstleistungen nutzen. &nbsp; Wer [&hellip;]","og_url":"https:\/\/www.islandweddings-dr.com\/de\/privacy-policy\/","og_site_name":"Island Weddings Dominican Republic","article_modified_time":"2024-10-27T22:53:13+00:00","twitter_card":"summary_large_image","twitter_misc":{"Gesch\u00e4tzte Lesezeit":"4\u00a0Minuten"},"schema":{"@context":"https:\/\/schema.org","@graph":[{"@type":"WebPage","@id":"https:\/\/www.islandweddings-dr.com\/de\/privacy-policy\/","url":"https:\/\/www.islandweddings-dr.com\/de\/privacy-policy\/","name":"Privacy Policy - Island Weddings Dominican Republic","isPartOf":{"@id":"https:\/\/www.islandweddings-dr.com\/de\/#website"},"datePublished":"2024-09-13T13:48:46+00:00","dateModified":"2024-10-27T22:53:13+00:00","breadcrumb":{"@id":"https:\/\/www.islandweddings-dr.com\/de\/privacy-policy\/#breadcrumb"},"inLanguage":"de","potentialAction":[{"@type":"ReadAction","target":["https:\/\/www.islandweddings-dr.com\/de\/privacy-policy\/"]}]},{"@type":"BreadcrumbList","@id":"https:\/\/www.islandweddings-dr.com\/de\/privacy-policy\/#breadcrumb","itemListElement":[{"@type":"ListItem","position":1,"name":"Home","item":"https:\/\/www.islandweddings-dr.com\/de\/home\/"},{"@type":"ListItem","position":2,"name":"Privacy Policy"}]},{"@type":"WebSite","@id":"https:\/\/www.islandweddings-dr.com\/de\/#website","url":"https:\/\/www.islandweddings-dr.com\/de\/","name":"Island Weddings Dominican Republic","description":"Destination Weddings in the Dominican Republic","publisher":{"@id":"https:\/\/www.islandweddings-dr.com\/de\/#organization"},"potentialAction":[{"@type":"SearchAction","target":{"@type":"EntryPoint","urlTemplate":"https:\/\/www.islandweddings-dr.com\/de\/?s={search_term_string}"},"query-input":{"@type":"PropertyValueSpecification","valueRequired":true,"valueName":"search_term_string"}}],"inLanguage":"de"},{"@type":"Organization","@id":"https:\/\/www.islandweddings-dr.com\/de\/#organization","name":"Island Weddings Dominican Republic","url":"https:\/\/www.islandweddings-dr.com\/de\/","logo":{"@type":"ImageObject","inLanguage":"de","@id":"https:\/\/www.islandweddings-dr.com\/de\/#\/schema\/logo\/image\/","url":"https:\/\/www.islandweddings-dr.com\/wp-content\/uploads\/2024\/09\/transparent.png","contentUrl":"https:\/\/www.islandweddings-dr.com\/wp-content\/uploads\/2024\/09\/transparent.png","width":500,"height":500,"caption":"Island Weddings Dominican Republic"},"image":{"@id":"https:\/\/www.islandweddings-dr.com\/de\/#\/schema\/logo\/image\/"},"sameAs":["https:\/\/instagram.com\/islandweddings-dr"]}]}},"jetpack_sharing_enabled":true,"_links":{"self":[{"href":"https:\/\/www.islandweddings-dr.com\/de\/wp-json\/wp\/v2\/pages\/878","targetHints":{"allow":["GET"]}}],"collection":[{"href":"https:\/\/www.islandweddings-dr.com\/de\/wp-json\/wp\/v2\/pages"}],"about":[{"href":"https:\/\/www.islandweddings-dr.com\/de\/wp-json\/wp\/v2\/types\/page"}],"author":[{"embeddable":true,"href":"https:\/\/www.islandweddings-dr.com\/de\/wp-json\/wp\/v2\/users\/1"}],"replies":[{"embeddable":true,"href":"https:\/\/www.islandweddings-dr.com\/de\/wp-json\/wp\/v2\/comments?post=878"}],"version-history":[{"count":2,"href":"https:\/\/www.islandweddings-dr.com\/de\/wp-json\/wp\/v2\/pages\/878\/revisions"}],"predecessor-version":[{"id":880,"href":"https:\/\/www.islandweddings-dr.com\/de\/wp-json\/wp\/v2\/pages\/878\/revisions\/880"}],"wp:attachment":[{"href":"https:\/\/www.islandweddings-dr.com\/de\/wp-json\/wp\/v2\/media?parent=878"}],"curies":[{"name":"wp","href":"https:\/\/api.w.org\/{rel}","templated":true}]}}